{"id":56,"date":"2023-07-29T12:42:14","date_gmt":"2023-07-29T12:42:14","guid":{"rendered":"https:\/\/musikverein-duenschede.com\/?page_id=56"},"modified":"2023-07-29T12:42:14","modified_gmt":"2023-07-29T12:42:14","slug":"original-repetaler-musikanten","status":"publish","type":"page","link":"https:\/\/musikverein-duenschede.com\/?page_id=56","title":{"rendered":"Original Repetaler Musikanten"},"content":{"rendered":"\n<div class=\"wp-block-query is-layout-flow wp-block-query-is-layout-flow\"><ul class=\"wp-block-post-template is-layout-flow wp-block-post-template-is-layout-flow\"><li class=\"wp-block-post post-53 post type-post status-publish format-standard has-post-thumbnail hentry category-orm\">\n<div class=\"entry-content wp-block-post-content is-layout-flow wp-block-post-content-is-layout-flow\">\n<h4 class=\"wp-block-heading\">Polka, Walzer, Marschmusik mit den&nbsp;<em>Original Repetaler Musikanten!<\/em><\/h4>\n\n\n\n<p>Sie suchen volkst\u00fcmliche musikalische Blasmusik f\u00fcr Ihre Veranstaltung? Dann sind Sie bei uns genau richtig! Wir sind eine etwa 15-k\u00f6pfige Blaskapelle, deren Repertoire Polkas, Walzer und M\u00e4rsche im Stile b\u00f6hmischer und bayerischer Blasmusik umfasst. Egal, ob Sie nun ein Sch\u00fctzenfest, eine Geburtstagsfeier, ein Firmen- oder Vereinsjubil\u00e4um oder ein Oktoberfest planen, die&nbsp;<em>Original Repetaler Musikanten<\/em>&nbsp;bieten f\u00fcr jeden Anlass passende z\u00fcnftige Blasmusik.<\/p>\n\n\n\n<p>Regelm\u00e4\u00dfig finden Workshops mit namhaften Profimusikern aus der b\u00f6hmischen Blasmusikszene statt, denn wir legen Wert darauf, Ihnen ein qualitativ ansprechendes und m\u00f6glichst stilsicheres Repertoire zu bieten.<\/p>\n\n\n\n<p>Wir haben Ihr Interesse geweckt? Dann melden Sie sich f\u00fcr An- oder R\u00fcckfragen einfach bei:<\/p>\n\n\n\n<p>Martin Kr\u00f6mer<\/p>\n\n\n\n<p><a href=\"mailto:martin.kroemer@Musikverein-duenschede.de\">martin.kroemer [at] Musikverein-Duenschede.de<\/a><\/p>\n\n\n\n<p><\/p>\n<\/div>\n<\/li><\/ul><\/div>\n","protected":false},"excerpt":{"rendered":"","protected":false},"author":1,"featured_media":54,"parent":10,"menu_order":3,"comment_status":"closed","ping_status":"closed","template":"","meta":{"footnotes":""},"class_list":["post-56","page","type-page","status-publish","has-post-thumbnail","hentry"],"_links":{"self":[{"href":"https:\/\/musikverein-duenschede.com\/index.php?rest_route=\/wp\/v2\/pages\/56","targetHints":{"allow":["GET"]}}],"collection":[{"href":"https:\/\/musikverein-duenschede.com\/index.php?rest_route=\/wp\/v2\/pages"}],"about":[{"href":"https:\/\/musikverein-duenschede.com\/index.php?rest_route=\/wp\/v2\/types\/page"}],"author":[{"embeddable":true,"href":"https:\/\/musikverein-duenschede.com\/index.php?rest_route=\/wp\/v2\/users\/1"}],"replies":[{"embeddable":true,"href":"https:\/\/musikverein-duenschede.com\/index.php?rest_route=%2Fwp%2Fv2%2Fcomments&post=56"}],"version-history":[{"count":1,"href":"https:\/\/musikverein-duenschede.com\/index.php?rest_route=\/wp\/v2\/pages\/56\/revisions"}],"predecessor-version":[{"id":57,"href":"https:\/\/musikverein-duenschede.com\/index.php?rest_route=\/wp\/v2\/pages\/56\/revisions\/57"}],"up":[{"embeddable":true,"href":"https:\/\/musikverein-duenschede.com\/index.php?rest_route=\/wp\/v2\/pages\/10"}],"wp:featuredmedia":[{"embeddable":true,"href":"https:\/\/musikverein-duenschede.com\/index.php?rest_route=\/wp\/v2\/media\/54"}],"wp:attachment":[{"href":"https:\/\/musikverein-duenschede.com\/index.php?rest_route=%2Fwp%2Fv2%2Fmedia&parent=56"}],"curies":[{"name":"wp","href":"https:\/\/api.w.org\/{rel}","templated":true}]}}